{"id":42,"date":"2023-09-07T17:37:15","date_gmt":"2023-09-07T17:37:15","guid":{"rendered":"https:\/\/aconcaguasrl.com\/new\/?page_id=42"},"modified":"2023-09-20T18:12:00","modified_gmt":"2023-09-20T18:12:00","slug":"pintura-y-albanileria","status":"publish","type":"page","link":"https:\/\/aconcaguasrl.com\/new\/pintura-y-albanileria\/","title":{"rendered":"Pintura y Alba\u00f1iler\u00eda"},"content":{"rendered":"\n<div class=\"wp-block-group is-layout-constrained wp-container-core-group-is-layout-72190d31 wp-block-group-is-layout-constrained\" style=\"margin-top:0;margin-bottom:0;padding-top:0;padding-right:0;padding-bottom:0;padding-left:0\">\n<div class=\"wp-block-uagb-container uag-hide-tab uag-hide-mob uagb-block-5a4e2f57 alignfull uagb-is-root-container\"><div class=\"uagb-container-inner-blocks-wrap\">\n<div class=\"wp-block-uagb-container uagb-block-dc14614e alignfull uagb-is-root-container\"><div class=\"uagb-container-inner-blocks-wrap\">\n<p style=\"margin-top:0;margin-bottom:0\">Los servicios de pintura y alba\u00f1iler\u00eda se enfocan en la construcci\u00f3n, remodelaci\u00f3n, mantenimiento y restauraci\u00f3n de espacios interiores y exteriores. <strong>Estos servicios pueden incluir<\/strong>:<\/p>\n\n\n\n<ul class=\"wp-block-list\" style=\"margin-top:0;margin-right:var(--wp--preset--spacing--60);margin-bottom:0;margin-left:var(--wp--preset--spacing--60);padding-top:0;padding-right:0;padding-bottom:0;padding-left:0\">\n<li><strong>Pintura interior y exterior<\/strong>. <\/li>\n\n\n\n<li>Selecci\u00f3n de <strong>materiales adecuados<\/strong> para la construcci\u00f3n o remodelaci\u00f3n. <\/li>\n\n\n\n<li><strong>Alba\u00f1iler\u00eda <\/strong>para obras, edificios, empresas y hogares. <\/li>\n\n\n\n<li><strong>Instalaci\u00f3n <\/strong>de sistemas el\u00e9ctricos, sanitarios, de calefacci\u00f3n y ventilaci\u00f3n.<\/li>\n<\/ul>\n\n\n\n<p style=\"margin-top:0;margin-bottom:0\">Los servicios de jardiner\u00eda y paisajismo pueden ofrecer <strong>muchas ventajas<\/strong>, tales como: <\/p>\n\n\n\n<ul class=\"wp-block-list\" style=\"margin-top:0;margin-right:var(--wp--preset--spacing--60);margin-bottom:0;margin-left:var(--wp--preset--spacing--60);padding-top:0;padding-right:0;padding-bottom:0;padding-left:0\">\n<li>Aumenta el <strong>valor de la propiedad<\/strong> al mejorar el estado de su infraestructura. <\/li>\n\n\n\n<li><strong>Ahorro de tiempo y esfuerzo<\/strong> al delegar cualquier aspecto operativo. <\/li>\n<\/ul>\n\n\n\n<div class=\"wp-block-uagb-buttons uagb-buttons__outer-wrap uagb-btn__default-btn uagb-btn-tablet__default-btn uagb-btn-mobile__default-btn uagb-block-af583fc1\"><div class=\"uagb-buttons__wrap uagb-buttons-layout-wrap\">\n<div class=\"wp-block-uagb-buttons-child uagb-buttons__outer-wrap uagb-block-de769475 wp-block-button\"><div class=\"uagb-button__wrapper\"><a class=\"uagb-buttons-repeater wp-block-button__link\" href=\"#contacto\" onclick=\"return true;\" rel=\"follow noopener\" target=\"_self\"><div class=\"uagb-button__link\">SOLICITE UN PRESUPUESTO<\/div><\/a><\/div><\/div>\n<\/div><\/div>\n<\/div><\/div>\n\n\n\n<div class=\"wp-block-uagb-container uagb-block-7958e906 alignfull uagb-is-root-container\"><div class=\"uagb-container-inner-blocks-wrap\"><\/div><\/div>\n<\/div><\/div>\n\n\n\n<div class=\"wp-block-uagb-container uag-hide-desktop uagb-block-62cadb9d alignfull uagb-is-root-container\"><div class=\"uagb-container-inner-blocks-wrap\">\n<div class=\"wp-block-uagb-container uagb-block-3b8a341d alignfull uagb-is-root-container\"><div class=\"uagb-container-inner-blocks-wrap\"><\/div><\/div>\n\n\n\n<div class=\"wp-block-uagb-container uagb-block-e34fcbe9 alignfull uagb-is-root-container\"><div class=\"uagb-container-inner-blocks-wrap\">\n<p style=\"margin-top:0;margin-bottom:0\">Los servicios de pintura y alba\u00f1iler\u00eda se enfocan en la construcci\u00f3n, remodelaci\u00f3n, mantenimiento y restauraci\u00f3n de espacios interiores y exteriores. <strong>Estos servicios pueden incluir<\/strong>:<\/p>\n\n\n\n<ul class=\"wp-block-list\" style=\"margin-top:0;margin-right:var(--wp--preset--spacing--60);margin-bottom:0;margin-left:var(--wp--preset--spacing--60);padding-top:0;padding-right:0;padding-bottom:0;padding-left:0\">\n<li><strong>Pintura interior y exterior<\/strong>. <\/li>\n\n\n\n<li>Selecci\u00f3n de <strong>materiales adecuados<\/strong> para la construcci\u00f3n o remodelaci\u00f3n. <\/li>\n\n\n\n<li><strong>Alba\u00f1iler\u00eda <\/strong>para obras, edificios, empresas y hogares. <\/li>\n\n\n\n<li><strong>Instalaci\u00f3n <\/strong>de sistemas el\u00e9ctricos, sanitarios, de calefacci\u00f3n y ventilaci\u00f3n.<\/li>\n<\/ul>\n\n\n\n<p style=\"margin-top:0;margin-bottom:0\">Los servicios de jardiner\u00eda y paisajismo pueden ofrecer <strong>muchas ventajas<\/strong>, tales como: <\/p>\n\n\n\n<ul class=\"wp-block-list\" style=\"margin-top:0;margin-right:var(--wp--preset--spacing--60);margin-bottom:0;margin-left:var(--wp--preset--spacing--60);padding-top:0;padding-right:0;padding-bottom:0;padding-left:0\">\n<li>Aumenta el <strong>valor de la propiedad<\/strong> al mejorar el estado de su infraestructura. <\/li>\n\n\n\n<li><strong>Ahorro de tiempo y esfuerzo<\/strong> al delegar cualquier aspecto operativo. <\/li>\n<\/ul>\n\n\n\n<div class=\"wp-block-uagb-buttons uagb-buttons__outer-wrap uagb-btn__default-btn uagb-btn-tablet__default-btn uagb-btn-mobile__default-btn uagb-block-9a3efeb5\"><div class=\"uagb-buttons__wrap uagb-buttons-layout-wrap\">\n<div class=\"wp-block-uagb-buttons-child uagb-buttons__outer-wrap uagb-block-098795da wp-block-button\"><div class=\"uagb-button__wrapper\"><a class=\"uagb-buttons-repeater wp-block-button__link\" href=\"#contacto\" onclick=\"return true;\" rel=\"follow noopener\" target=\"_self\"><div class=\"uagb-button__link\">SOLICITE UN PRESUPUESTO<\/div><\/a><\/div><\/div>\n<\/div><\/div>\n<\/div><\/div>\n<\/div><\/div>\n\n\n\n<div class=\"wp-block-uagb-container uag-hide-tab uag-hide-mob uagb-block-ace3b2a3 alignfull uagb-is-root-container\">\n<div class=\"wp-block-uagb-advanced-heading uagb-block-6fcdae49\"><h2 class=\"uagb-heading-text\">Aconcagua<br>Estamos en todos los detalles<\/h2><\/div>\n<\/div>\n<\/div>\n\n\n\n<div id=\"contacto\" class=\"wp-block-uagb-container uagb-block-3d878d79 alignfull uagb-is-root-container\"><div class=\"uagb-container-inner-blocks-wrap\">\n<div class=\"wp-block-uagb-container uag-hide-tab uag-hide-mob uagb-block-ffccc4a8\">\n<div class=\"wp-block-group is-layout-constrained wp-container-core-group-is-layout-72d38984 wp-block-group-is-layout-constrained\" style=\"margin-top:0;margin-bottom:0;padding-top:0;padding-right:0;padding-bottom:0;padding-left:0\">\n<div class=\"wp-block-uagb-advanced-heading uagb-block-9d754177\"><h2 class=\"uagb-heading-text\"><strong>Solicite un presupuesto<\/strong><\/h2><\/div>\n\n\n\n<p class=\"has-ast-global-color-5-color has-text-color has-link-color wp-elements-7a6c02b49d61fa33ec55be60d4df39b2\" style=\"margin-top:var(--wp--preset--spacing--70)\"><strong>Datos de contacto:<\/strong><\/p>\n\n\n\n<div class=\"wp-block-uagb-icon-list uagb-block-3c8e691b\"><div class=\"uagb-icon-list__wrap\">\n<div class=\"wp-block-uagb-icon-list-child uagb-block-74d51f17\"><a target=\"_blank\" aria-label=\"+54 261 234-1109\" rel=\"noopener noreferrer\" href=\"https:\/\/api.whatsapp.com\/send\/?phone=5492612341109&amp;text=Hola%21+Quisiera+averiguar+sobre+sus+servicios+de+limpieza.%0D%0A%0D%0ALes+comparto+algunos+datos+relevantes%3A%0D%0ANombre%3A%0D%0AEmpresa%2FRubro%3A%0D%0AServicio+de+inter%C3%A9s%3A&amp;type=phone_number&amp;app_absent=0\"> <\/a><span class=\"uagb-icon-list__source-wrap\"><svg xmlns=\"https:\/\/www.w3.org\/2000\/svg\" viewBox=\"0 0 448 512\"><path d=\"M380.9 97.1C339 55.1 283.2 32 223.9 32c-122.4 0-222 99.6-222 222 0 39.1 10.2 77.3 29.6 111L0 480l117.7-30.9c32.4 17.7 68.9 27 106.1 27h.1c122.3 0 224.1-99.6 224.1-222 0-59.3-25.2-115-67.1-157zm-157 341.6c-33.2 0-65.7-8.9-94-25.7l-6.7-4-69.8 18.3L72 359.2l-4.4-7c-18.5-29.4-28.2-63.3-28.2-98.2 0-101.7 82.8-184.5 184.6-184.5 49.3 0 95.6 19.2 130.4 54.1 34.8 34.9 56.2 81.2 56.1 130.5 0 101.8-84.9 184.6-186.6 184.6zm101.2-138.2c-5.5-2.8-32.8-16.2-37.9-18-5.1-1.9-8.8-2.8-12.5 2.8-3.7 5.6-14.3 18-17.6 21.8-3.2 3.7-6.5 4.2-12 1.4-32.6-16.3-54-29.1-75.5-66-5.7-9.8 5.7-9.1 16.3-30.3 1.8-3.7 .9-6.9-.5-9.7-1.4-2.8-12.5-30.1-17.1-41.2-4.5-10.8-9.1-9.3-12.5-9.5-3.2-.2-6.9-.2-10.6-.2-3.7 0-9.7 1.4-14.8 6.9-5.1 5.6-19.4 19-19.4 46.3 0 27.3 19.9 53.7 22.6 57.4 2.8 3.7 39.1 59.7 94.8 83.8 35.2 15.2 49 16.5 66.6 13.9 10.7-1.6 32.8-13.4 37.4-26.4 4.6-13 4.6-24.1 3.2-26.4-1.3-2.5-5-3.9-10.5-6.6z\"><\/path><\/svg><\/span><span class=\"uagb-icon-list__label\">+54 261 234-1109<\/span><\/div>\n\n\n\n<div class=\"wp-block-uagb-icon-list-child uagb-block-463d21e2\"><a target=\"_blank\" aria-label=\"Aconcaguaservdelimpieza\" rel=\"noopener noreferrer\" href=\"https:\/\/www.facebook.com\/Aconcaguaservdelimpieza\"> <\/a><span class=\"uagb-icon-list__source-wrap\"><svg xmlns=\"https:\/\/www.w3.org\/2000\/svg\" viewBox=\"0 0 512 512\"><path d=\"M504 256C504 119 393 8 256 8S8 119 8 256c0 123.8 90.69 226.4 209.3 245V327.7h-63V256h63v-54.64c0-62.15 37-96.48 93.67-96.48 27.14 0 55.52 4.84 55.52 4.84v61h-31.28c-30.8 0-40.41 19.12-40.41 38.73V256h68.78l-11 71.69h-57.78V501C413.3 482.4 504 379.8 504 256z\"><\/path><\/svg><\/span><span class=\"uagb-icon-list__label\">Aconcaguaservdelimpieza<\/span><\/div>\n\n\n\n<div class=\"wp-block-uagb-icon-list-child uagb-block-e5d58305\"><a target=\"_blank\" aria-label=\"aconcagua_serviciodelimpieza\" rel=\"noopener noreferrer\" href=\"https:\/\/www.instagram.com\/aconcagua_serviciodelimpieza\/\"> <\/a><span class=\"uagb-icon-list__source-wrap\"><svg xmlns=\"https:\/\/www.w3.org\/2000\/svg\" viewBox=\"0 0 448 512\"><path d=\"M224.1 141c-63.6 0-114.9 51.3-114.9 114.9s51.3 114.9 114.9 114.9S339 319.5 339 255.9 287.7 141 224.1 141zm0 189.6c-41.1 0-74.7-33.5-74.7-74.7s33.5-74.7 74.7-74.7 74.7 33.5 74.7 74.7-33.6 74.7-74.7 74.7zm146.4-194.3c0 14.9-12 26.8-26.8 26.8-14.9 0-26.8-12-26.8-26.8s12-26.8 26.8-26.8 26.8 12 26.8 26.8zm76.1 27.2c-1.7-35.9-9.9-67.7-36.2-93.9-26.2-26.2-58-34.4-93.9-36.2-37-2.1-147.9-2.1-184.9 0-35.8 1.7-67.6 9.9-93.9 36.1s-34.4 58-36.2 93.9c-2.1 37-2.1 147.9 0 184.9 1.7 35.9 9.9 67.7 36.2 93.9s58 34.4 93.9 36.2c37 2.1 147.9 2.1 184.9 0 35.9-1.7 67.7-9.9 93.9-36.2 26.2-26.2 34.4-58 36.2-93.9 2.1-37 2.1-147.8 0-184.8zM398.8 388c-7.8 19.6-22.9 34.7-42.6 42.6-29.5 11.7-99.5 9-132.1 9s-102.7 2.6-132.1-9c-19.6-7.8-34.7-22.9-42.6-42.6-11.7-29.5-9-99.5-9-132.1s-2.6-102.7 9-132.1c7.8-19.6 22.9-34.7 42.6-42.6 29.5-11.7 99.5-9 132.1-9s102.7-2.6 132.1 9c19.6 7.8 34.7 22.9 42.6 42.6 11.7 29.5 9 99.5 9 132.1s2.7 102.7-9 132.1z\"><\/path><\/svg><\/span><span class=\"uagb-icon-list__label\">aconcagua_serviciodelimpieza<\/span><\/div>\n<\/div><\/div>\n<\/div>\n\n\n<div style=\"margin-top:var(--wp--preset--spacing--80);margin-bottom:var(--wp--preset--spacing--80);\" class=\"alignleft wp-block-site-logo\"><a href=\"https:\/\/aconcaguasrl.com\/new\/\" class=\"custom-logo-link\" rel=\"home\"><img data-recalc-dims=\"1\" loading=\"lazy\" decoding=\"async\" width=\"320\" height=\"69\" src=\"https:\/\/i0.wp.com\/aconcaguasrl.com\/new\/wp-content\/uploads\/2023\/09\/logotipo.png?resize=320%2C69&#038;ssl=1\" class=\"custom-logo\" alt=\"Aconcagua &#8211; Servicio Profesional de Limpieza\" srcset=\"https:\/\/i0.wp.com\/aconcaguasrl.com\/new\/wp-content\/uploads\/2023\/09\/logotipo.png?w=449&amp;ssl=1 449w, https:\/\/i0.wp.com\/aconcaguasrl.com\/new\/wp-content\/uploads\/2023\/09\/logotipo.png?resize=300%2C65&amp;ssl=1 300w, https:\/\/i0.wp.com\/aconcaguasrl.com\/new\/wp-content\/uploads\/2023\/09\/logotipo.png?resize=220%2C48&amp;ssl=1 220w\" sizes=\"auto, (max-width: 320px) 100vw, 320px\" \/><\/a><\/div><\/div>\n\n\n\n<div class=\"wp-block-uagb-container uag-hide-desktop uagb-block-2ab2fe67\">\n<div class=\"wp-block-group is-layout-constrained wp-container-core-group-is-layout-72d38984 wp-block-group-is-layout-constrained\" style=\"margin-top:0;margin-bottom:0;padding-top:0;padding-right:0;padding-bottom:0;padding-left:0\">\n<div class=\"wp-block-uagb-advanced-heading uagb-block-74d794d5\"><h2 class=\"uagb-heading-text\">Solicite un presupuesto y te asesoramos en todo el camino<\/h2><\/div>\n\n\n\n<div class=\"wp-block-uagb-icon-list uagb-block-552e7bc6\"><div class=\"uagb-icon-list__wrap\">\n<div class=\"wp-block-uagb-icon-list-child uagb-block-f8aeca12\"><a target=\"_blank\" aria-label=\"+54 261 234-1109\" rel=\"noopener noreferrer\" href=\"https:\/\/api.whatsapp.com\/send\/?phone=5492612341109&amp;text=Hola%21+Quisiera+averiguar+sobre+sus+servicios+de+limpieza.%0D%0A%0D%0ALes+comparto+algunos+datos+relevantes%3A%0D%0ANombre%3A%0D%0AEmpresa%2FRubro%3A%0D%0AServicio+de+inter%C3%A9s%3A&amp;type=phone_number&amp;app_absent=0\"> <\/a><span class=\"uagb-icon-list__source-wrap\"><svg xmlns=\"https:\/\/www.w3.org\/2000\/svg\" viewBox=\"0 0 448 512\"><path d=\"M380.9 97.1C339 55.1 283.2 32 223.9 32c-122.4 0-222 99.6-222 222 0 39.1 10.2 77.3 29.6 111L0 480l117.7-30.9c32.4 17.7 68.9 27 106.1 27h.1c122.3 0 224.1-99.6 224.1-222 0-59.3-25.2-115-67.1-157zm-157 341.6c-33.2 0-65.7-8.9-94-25.7l-6.7-4-69.8 18.3L72 359.2l-4.4-7c-18.5-29.4-28.2-63.3-28.2-98.2 0-101.7 82.8-184.5 184.6-184.5 49.3 0 95.6 19.2 130.4 54.1 34.8 34.9 56.2 81.2 56.1 130.5 0 101.8-84.9 184.6-186.6 184.6zm101.2-138.2c-5.5-2.8-32.8-16.2-37.9-18-5.1-1.9-8.8-2.8-12.5 2.8-3.7 5.6-14.3 18-17.6 21.8-3.2 3.7-6.5 4.2-12 1.4-32.6-16.3-54-29.1-75.5-66-5.7-9.8 5.7-9.1 16.3-30.3 1.8-3.7 .9-6.9-.5-9.7-1.4-2.8-12.5-30.1-17.1-41.2-4.5-10.8-9.1-9.3-12.5-9.5-3.2-.2-6.9-.2-10.6-.2-3.7 0-9.7 1.4-14.8 6.9-5.1 5.6-19.4 19-19.4 46.3 0 27.3 19.9 53.7 22.6 57.4 2.8 3.7 39.1 59.7 94.8 83.8 35.2 15.2 49 16.5 66.6 13.9 10.7-1.6 32.8-13.4 37.4-26.4 4.6-13 4.6-24.1 3.2-26.4-1.3-2.5-5-3.9-10.5-6.6z\"><\/path><\/svg><\/span><span class=\"uagb-icon-list__label\">+54 261 234-1109<\/span><\/div>\n\n\n\n<div class=\"wp-block-uagb-icon-list-child uagb-block-4b3e0faa\"><a target=\"_blank\" aria-label=\"Aconcaguaservdelimpieza\" rel=\"noopener noreferrer\" href=\"https:\/\/www.facebook.com\/Aconcaguaservdelimpieza\"> <\/a><span class=\"uagb-icon-list__source-wrap\"><svg xmlns=\"https:\/\/www.w3.org\/2000\/svg\" viewBox=\"0 0 512 512\"><path d=\"M504 256C504 119 393 8 256 8S8 119 8 256c0 123.8 90.69 226.4 209.3 245V327.7h-63V256h63v-54.64c0-62.15 37-96.48 93.67-96.48 27.14 0 55.52 4.84 55.52 4.84v61h-31.28c-30.8 0-40.41 19.12-40.41 38.73V256h68.78l-11 71.69h-57.78V501C413.3 482.4 504 379.8 504 256z\"><\/path><\/svg><\/span><span class=\"uagb-icon-list__label\">Aconcaguaservdelimpieza<\/span><\/div>\n\n\n\n<div class=\"wp-block-uagb-icon-list-child uagb-block-1fe31429\"><a target=\"_blank\" aria-label=\"aconcagua_serviciodelimpieza\" rel=\"noopener noreferrer\" href=\"https:\/\/www.instagram.com\/aconcagua_serviciodelimpieza\/\"> <\/a><span class=\"uagb-icon-list__source-wrap\"><svg xmlns=\"https:\/\/www.w3.org\/2000\/svg\" viewBox=\"0 0 448 512\"><path d=\"M224.1 141c-63.6 0-114.9 51.3-114.9 114.9s51.3 114.9 114.9 114.9S339 319.5 339 255.9 287.7 141 224.1 141zm0 189.6c-41.1 0-74.7-33.5-74.7-74.7s33.5-74.7 74.7-74.7 74.7 33.5 74.7 74.7-33.6 74.7-74.7 74.7zm146.4-194.3c0 14.9-12 26.8-26.8 26.8-14.9 0-26.8-12-26.8-26.8s12-26.8 26.8-26.8 26.8 12 26.8 26.8zm76.1 27.2c-1.7-35.9-9.9-67.7-36.2-93.9-26.2-26.2-58-34.4-93.9-36.2-37-2.1-147.9-2.1-184.9 0-35.8 1.7-67.6 9.9-93.9 36.1s-34.4 58-36.2 93.9c-2.1 37-2.1 147.9 0 184.9 1.7 35.9 9.9 67.7 36.2 93.9s58 34.4 93.9 36.2c37 2.1 147.9 2.1 184.9 0 35.9-1.7 67.7-9.9 93.9-36.2 26.2-26.2 34.4-58 36.2-93.9 2.1-37 2.1-147.8 0-184.8zM398.8 388c-7.8 19.6-22.9 34.7-42.6 42.6-29.5 11.7-99.5 9-132.1 9s-102.7 2.6-132.1-9c-19.6-7.8-34.7-22.9-42.6-42.6-11.7-29.5-9-99.5-9-132.1s-2.6-102.7 9-132.1c7.8-19.6 22.9-34.7 42.6-42.6 29.5-11.7 99.5-9 132.1-9s102.7-2.6 132.1 9c19.6 7.8 34.7 22.9 42.6 42.6 11.7 29.5 9 99.5 9 132.1s2.7 102.7-9 132.1z\"><\/path><\/svg><\/span><span class=\"uagb-icon-list__label\">aconcagua_serviciodelimpieza<\/span><\/div>\n<\/div><\/div>\n<\/div>\n<\/div>\n\n\n\n<div class=\"wp-block-uagb-container uagb-block-b5e5dcb9\"><style id=\"wpforms-css-vars-325-block-af16a033-87a2-4187-8201-92565bc7720b\">\n\t\t\t\t#wpforms-325.wpforms-block-af16a033-87a2-4187-8201-92565bc7720b {\n\t\t\t\t--wpforms-label-color: var(--ast-global-color-5);\n--wpforms-label-sublabel-color: var(--ast-global-color-4);\n--wpforms-label-error-color: #ff6900;\n--wpforms-field-border-radius: 4px;\n--wpforms-button-background-color: var(--ast-global-color-3);\n--wpforms-field-size-input-height: 43px;\n--wpforms-field-size-input-spacing: 15px;\n--wpforms-field-size-font-size: 16px;\n--wpforms-field-size-line-height: 19px;\n--wpforms-field-size-padding-h: 14px;\n--wpforms-field-size-checkbox-size: 16px;\n--wpforms-field-size-sublabel-spacing: 5px;\n--wpforms-field-size-icon-size: 1;\n--wpforms-label-size-font-size: 16px;\n--wpforms-label-size-line-height: 19px;\n--wpforms-label-size-sublabel-font-size: 14px;\n--wpforms-label-size-sublabel-line-height: 17px;\n--wpforms-button-size-font-size: 17px;\n--wpforms-button-size-height: 41px;\n--wpforms-button-size-padding-h: 15px;\n--wpforms-button-size-margin-top: 10px;\n\t\t\t}\n\t\t\t<\/style><div class=\"wpforms-container wpforms-container-full wpforms-block wpforms-block-af16a033-87a2-4187-8201-92565bc7720b wpforms-render-modern\" id=\"wpforms-325\"><form id=\"wpforms-form-325\" class=\"wpforms-validate wpforms-form wpforms-ajax-form\" data-formid=\"325\" method=\"post\" enctype=\"multipart\/form-data\" action=\"\/new\/wp-json\/wp\/v2\/pages\/42\" data-token=\"af45172735cb609307bfe9b2ab9a7a06\" data-token-time=\"1775638090\"><noscript class=\"wpforms-error-noscript\">Por favor, activa JavaScript en tu navegador para completar este formulario.<\/noscript><div id=\"wpforms-error-noscript\" style=\"display: none;\">Por favor, activa JavaScript en tu navegador para completar este formulario.<\/div><div class=\"wpforms-field-container\"><div id=\"wpforms-325-field_0-container\" class=\"wpforms-field wpforms-field-name\" data-field-id=\"0\"><label class=\"wpforms-field-label\" for=\"wpforms-325-field_0\">Nombre <span class=\"wpforms-required-label\" aria-hidden=\"true\">*<\/span><\/label><input type=\"text\" id=\"wpforms-325-field_0\" class=\"wpforms-field-large wpforms-field-required\" name=\"wpforms[fields][0]\" aria-errormessage=\"wpforms-325-field_0-error\" required><\/div><div id=\"wpforms-325-field_1-container\" class=\"wpforms-field wpforms-field-email\" data-field-id=\"1\"><label class=\"wpforms-field-label\" for=\"wpforms-325-field_1\">Correo electr\u00f3nico <span class=\"wpforms-required-label\" aria-hidden=\"true\">*<\/span><\/label><input type=\"email\" id=\"wpforms-325-field_1\" class=\"wpforms-field-large wpforms-field-required\" name=\"wpforms[fields][1]\" spellcheck=\"false\" aria-errormessage=\"wpforms-325-field_1-error\" required><\/div><div id=\"wpforms-325-field_3-container\" class=\"wpforms-field wpforms-field-number\" data-field-id=\"3\"><label class=\"wpforms-field-label\" for=\"wpforms-325-field_3\">Tel\u00e9fono <span class=\"wpforms-required-label\" aria-hidden=\"true\">*<\/span><\/label><input type=\"number\" id=\"wpforms-325-field_3\" class=\"wpforms-field-large wpforms-field-required\" name=\"wpforms[fields][3]\" step=\"any\" aria-errormessage=\"wpforms-325-field_3-error\" aria-describedby=\"wpforms-325-field_3-description\" required><div id=\"wpforms-325-field_3-description\" class=\"wpforms-field-description\">Incluir c\u00f3digo de \u00e1rea del pa\u00eds y la regi\u00f3n<\/div><\/div><div id=\"wpforms-325-field_5-container\" class=\"wpforms-field wpforms-field-text\" data-field-id=\"5\"><label class=\"wpforms-field-label\" for=\"wpforms-325-field_5\">Nombre de la empresa <span class=\"wpforms-required-label\" aria-hidden=\"true\">*<\/span><\/label><input type=\"text\" id=\"wpforms-325-field_5\" class=\"wpforms-field-large wpforms-field-required\" name=\"wpforms[fields][5]\" aria-errormessage=\"wpforms-325-field_5-error\" required><\/div><div id=\"wpforms-325-field_6-container\" class=\"wpforms-field wpforms-field-text\" data-field-id=\"6\"><label class=\"wpforms-field-label\" for=\"wpforms-325-field_6\">Provincia <span class=\"wpforms-required-label\" aria-hidden=\"true\">*<\/span><\/label><input type=\"text\" id=\"wpforms-325-field_6\" class=\"wpforms-field-large wpforms-field-required\" name=\"wpforms[fields][6]\" aria-errormessage=\"wpforms-325-field_6-error\" required><\/div><div id=\"wpforms-325-field_4-container\" class=\"wpforms-field wpforms-field-select wpforms-field-select-style-modern\" data-field-id=\"4\"><label class=\"wpforms-field-label\" for=\"wpforms-325-field_4\">Rubro <span class=\"wpforms-required-label\" aria-hidden=\"true\">*<\/span><\/label><select id=\"wpforms-325-field_4\" class=\"wpforms-field-large wpforms-field-required choicesjs-select\" data-size-class=\"wpforms-field-row wpforms-field-large\" data-search-enabled=\"\" name=\"wpforms[fields][4]\" required=\"required\"><option value=\"\" class=\"placeholder\" disabled  selected='selected'>&#8212; Selecciona la opci\u00f3n &#8212;<\/option><option value=\"Oficina\/Consorcio\"  class=\"choice-1 depth-1\"  >Oficina\/Consorcio<\/option><option value=\"Bodega\"  class=\"choice-2 depth-1\"  >Bodega<\/option><option value=\"Salud\"  class=\"choice-3 depth-1\"  >Salud<\/option><option value=\"Industrial\"  class=\"choice-4 depth-1\"  >Industrial<\/option><option value=\"Construcci\u00f3n\"  class=\"choice-5 depth-1\"  >Construcci\u00f3n<\/option><option value=\"Otro\"  class=\"choice-6 depth-1\"  >Otro<\/option><\/select><\/div><\/div><!-- .wpforms-field-container --><div class=\"wpforms-recaptcha-container wpforms-is-recaptcha wpforms-is-recaptcha-type-invisible\" ><div class=\"g-recaptcha\" data-sitekey=\"6LenFVcoAAAAAAyUPUeUHmkf48dcDenz9ZEgon0J\" data-size=\"invisible\"><\/div><\/div><div class=\"wpforms-submit-container\" ><input type=\"hidden\" name=\"wpforms[id]\" value=\"325\"><input type=\"hidden\" name=\"page_title\" value=\"\"><input type=\"hidden\" name=\"page_url\" value=\"https:\/\/aconcaguasrl.com\/new\/wp-json\/wp\/v2\/pages\/42\"><input type=\"hidden\" name=\"url_referer\" value=\"\"><button type=\"submit\" name=\"wpforms[submit]\" id=\"wpforms-submit-325\" class=\"wpforms-submit\" data-alt-text=\"Enviando...\" data-submit-text=\"Solicitar Contacto\" aria-live=\"assertive\" value=\"wpforms-submit\">Solicitar Contacto<\/button><img loading=\"lazy\" decoding=\"async\" src=\"https:\/\/aconcaguasrl.com\/new\/wp-content\/plugins\/wpforms-lite\/assets\/images\/submit-spin.svg\" class=\"wpforms-submit-spinner\" style=\"display: none;\" width=\"26\" height=\"26\" alt=\"Cargando\"><\/div><\/form><\/div>  <!-- .wpforms-container --><\/div>\n<\/div><\/div>\n","protected":false},"excerpt":{"rendered":"<p>Los servicios de pintura y alba\u00f1iler\u00eda se enfocan en la construcci\u00f3n, remodelaci\u00f3n, mantenimiento y restauraci\u00f3n de espacios interiores y exteriores. Estos servicios pueden incluir: Los servicios de jardiner\u00eda y paisajismo pueden ofrecer muchas ventajas, tales como: Los servicios de pintura y alba\u00f1iler\u00eda se enfocan en la construcci\u00f3n, remodelaci\u00f3n, mantenimiento y restauraci\u00f3n de espacios interiores y [&hellip;]<\/p>\n","protected":false},"author":2,"featured_media":0,"parent":0,"menu_order":0,"comment_status":"closed","ping_status":"closed","template":"","meta":{"_uag_custom_page_level_css":"","site-sidebar-layout":"default","site-content-layout":"","ast-site-content-layout":"default","site-content-style":"default","site-sidebar-style":"default","ast-global-header-display":"","ast-banner-title-visibility":"","ast-main-header-display":"","ast-hfb-above-header-display":"","ast-hfb-below-header-display":"","ast-hfb-mobile-header-display":"","site-post-title":"","ast-breadcrumbs-content":"","ast-featured-img":"","footer-sml-layout":"","theme-transparent-header-meta":"","adv-header-id-meta":"","stick-header-meta":"","header-above-stick-meta":"","header-main-stick-meta":"","header-below-stick-meta":"","astra-migrate-meta-layouts":"default","ast-page-background-enabled":"default","ast-page-background-meta":{"desktop":{"background-color":"var(--ast-global-color-4)","background-image":"","background-repeat":"repeat","background-position":"center center","background-size":"auto","background-attachment":"scroll","background-type":"","background-media":"","overlay-type":"","overlay-color":"","overlay-opacity":"","overlay-gradient":""},"tablet":{"background-color":"","background-image":"","background-repeat":"repeat","background-position":"center center","background-size":"auto","background-attachment":"scroll","background-type":"","background-media":"","overlay-type":"","overlay-color":"","overlay-opacity":"","overlay-gradient":""},"mobile":{"background-color":"","background-image":"","background-repeat":"repeat","background-position":"center center","background-size":"auto","background-attachment":"scroll","background-type":"","background-media":"","overlay-type":"","overlay-color":"","overlay-opacity":"","overlay-gradient":""}},"ast-content-background-meta":{"desktop":{"background-color":"var(--ast-global-color-5)","background-image":"","background-repeat":"repeat","background-position":"center center","background-size":"auto","background-attachment":"scroll","background-type":"","background-media":"","overlay-type":"","overlay-color":"","overlay-opacity":"","overlay-gradient":""},"tablet":{"background-color":"var(--ast-global-color-5)","background-image":"","background-repeat":"repeat","background-position":"center center","background-size":"auto","background-attachment":"scroll","background-type":"","background-media":"","overlay-type":"","overlay-color":"","overlay-opacity":"","overlay-gradient":""},"mobile":{"background-color":"var(--ast-global-color-5)","background-image":"","background-repeat":"repeat","background-position":"center center","background-size":"auto","background-attachment":"scroll","background-type":"","background-media":"","overlay-type":"","overlay-color":"","overlay-opacity":"","overlay-gradient":""}},"footnotes":""},"class_list":["post-42","page","type-page","status-publish","hentry"],"uagb_featured_image_src":{"full":false,"thumbnail":false,"medium":false,"medium_large":false,"large":false,"1536x1536":false,"2048x2048":false},"uagb_author_info":{"display_name":"admin","author_link":"https:\/\/aconcaguasrl.com\/new\/author\/admin\/"},"uagb_comment_info":0,"uagb_excerpt":"Los servicios de pintura y alba\u00f1iler\u00eda se enfocan en la construcci\u00f3n, remodelaci\u00f3n, mantenimiento y restauraci\u00f3n de espacios interiores y exteriores. Estos servicios pueden incluir: Los servicios de jardiner\u00eda y paisajismo pueden ofrecer muchas ventajas, tales como: Los servicios de pintura y alba\u00f1iler\u00eda se enfocan en la construcci\u00f3n, remodelaci\u00f3n, mantenimiento y restauraci\u00f3n de espacios interiores y&hellip;","_links":{"self":[{"href":"https:\/\/aconcaguasrl.com\/new\/wp-json\/wp\/v2\/pages\/42","targetHints":{"allow":["GET"]}}],"collection":[{"href":"https:\/\/aconcaguasrl.com\/new\/wp-json\/wp\/v2\/pages"}],"about":[{"href":"https:\/\/aconcaguasrl.com\/new\/wp-json\/wp\/v2\/types\/page"}],"author":[{"embeddable":true,"href":"https:\/\/aconcaguasrl.com\/new\/wp-json\/wp\/v2\/users\/2"}],"replies":[{"embeddable":true,"href":"https:\/\/aconcaguasrl.com\/new\/wp-json\/wp\/v2\/comments?post=42"}],"version-history":[{"count":6,"href":"https:\/\/aconcaguasrl.com\/new\/wp-json\/wp\/v2\/pages\/42\/revisions"}],"predecessor-version":[{"id":476,"href":"https:\/\/aconcaguasrl.com\/new\/wp-json\/wp\/v2\/pages\/42\/revisions\/476"}],"wp:attachment":[{"href":"https:\/\/aconcaguasrl.com\/new\/wp-json\/wp\/v2\/media?parent=42"}],"curies":[{"name":"wp","href":"https:\/\/api.w.org\/{rel}","templated":true}]}}